{"id":11,"date":"2021-10-14T12:12:23","date_gmt":"2021-10-14T12:12:23","guid":{"rendered":"https:\/\/startersites.io\/blocksy\/justice\/?page_id=11"},"modified":"2025-10-31T11:18:46","modified_gmt":"2025-10-31T16:18:46","slug":"la_firma","status":"publish","type":"page","link":"https:\/\/lawyerslegalprocess.com\/index.php\/la_firma\/","title":{"rendered":"La firma"},"content":{"rendered":"\n<div class=\"wp-block-stackable-heading stk-block-heading stk-block-heading--v2 stk-block stk-afeea05 page-titulo\" id=\"span-style-color-000000-class-stk-highlight-la-firma-span\" data-block-id=\"afeea05\"><style>.stk-afeea05 {margin-bottom:15px !important;}.stk-afeea05 .stk-block-heading__text{font-size:50px !important;}@media screen and (max-width:999px){.stk-afeea05 .stk-block-heading__text{font-size:35px !important;}}<\/style><h2 class=\"stk-block-heading__text has-palette-color-8-color has-text-align-center stk-block-heading--use-theme-margins\"><span style=\"color: #000000;\" class=\"stk-highlight\">La Firma<\/span><\/h2><\/div>\n\n\n\n<div class=\"wp-block-stackable-columns alignfull stk-block-columns stk-block stk-00be69a page-wrapper\" data-block-id=\"00be69a\"><style>.stk-00be69a .stk--block-align-00be69a{align-items:flex-start !important;}.stk-00be69a {margin-top:var(--stk--preset--spacing--20, 0.44rem) !important;margin-bottom:var(--stk--preset--spacing--30, 0.67rem) !important;}<\/style><div class=\"stk-row stk-inner-blocks stk--block-align-00be69a stk-block-content stk-content-align stk-00be69a-column alignwide\">\n<div class=\"wp-block-stackable-column stk-block-column stk-column stk-block stk-6f80248\" data-v=\"4\" data-block-id=\"6f80248\"><div class=\"stk-column-wrapper stk-block-column__content stk-container stk-6f80248-container stk--no-background stk--no-padding\"><div class=\"has-text-align-center stk-block-content stk-inner-blocks stk-6f80248-inner-blocks\">\n<div class=\"wp-block-stackable-text stk-block-text stk-block stk-c6a8fda\" data-block-id=\"c6a8fda\"><style>.stk-c6a8fda .stk-block-text__text{font-size:var(--stk--preset--font-size--medium, 20px) !important;}@media screen and (max-width:999px){.stk-c6a8fda .stk-block-text__text{font-size:var(--stk--preset--font-size--medium, 20px) !important;}}<\/style><p class=\"stk-block-text__text has-text-align-justify\">Lawyers Legal Process es una firma de abogados que presta servicios legales en distintas especialidades para la resoluci\u00f3n efectiva de los conflictos jur\u00eddicos, uniendo el conocimiento y la experiencia del grupo jur\u00eddico, con el prop\u00f3sito exclusivo de garantizar a nuestros clientes un servicio de alta calidad.<\/p><\/div>\n\n\n\n<div class=\"wp-block-stackable-text stk-block-text stk-block stk-a36cd86\" data-block-id=\"a36cd86\"><style>.stk-a36cd86 .stk-block-text__text{font-size:var(--stk--preset--font-size--medium, 20px) !important;}@media screen and (max-width:999px){.stk-a36cd86 .stk-block-text__text{font-size:var(--stk--preset--font-size--medium, 20px) !important;}}<\/style><p class=\"stk-block-text__text has-text-align-justify\">El equipo de abogados tiene un alto compromiso en brindar claridad, respaldo y acompa\u00f1amiento en los tr\u00e1mites jur\u00eddicos y administrativos que requiera nuestros clientes, asignando al abogado con conocimientos jur\u00eddicos y pr\u00e1cticos en la especialidad del asunto encomendado.<\/p><\/div>\n<\/div><\/div><\/div>\n<\/div><\/div>\n\n\n\n<p><\/p>\n","protected":false},"excerpt":{"rendered":"<p>La Firma Lawyers Legal Process es una firma de abogados que presta servicios legales en distintas especialidades para la resoluci\u00f3n efectiva de los conflictos jur\u00eddicos, uniendo el conocimiento y la experiencia del grupo jur\u00eddico, con el prop\u00f3sito exclusivo de garantizar a nuestros clientes un servicio de alta calidad. El equipo de abogados tiene un alto [&hellip;]<\/p>\n","protected":false},"author":1,"featured_media":0,"parent":0,"menu_order":0,"comment_status":"closed","ping_status":"closed","template":"","meta":{"_acf_changed":false,"footnotes":""},"class_list":["post-11","page","type-page","status-publish","hentry"],"blocksy_meta":{"styles_descriptor":{"styles":{"desktop":"","tablet":"","mobile":""},"google_fonts":[],"version":6},"page_title_panel":"","has_hero_section":"disabled","a0d935fcc93a1e18f4f8278c79e76780":"","hero_section":"type-1","hero_elements":[{"id":"custom_title","enabled":true,"heading_tag":"h1","title":"Home"},{"id":"custom_description","enabled":true,"description_visibility":{"desktop":true,"tablet":true,"mobile":false}},{"id":"custom_meta","enabled":false,"meta_elements":[{"id":"author","enabled":true,"label":"By","has_author_avatar":"yes","avatar_size":25},{"id":"post_date","enabled":true,"label":"On","date_format_source":"default","date_format":"M j, Y"},{"id":"updated_date","enabled":false,"label":"On","date_format_source":"default","date_format":"M j, Y"},{"id":"categories","enabled":false,"label":"In","style":"simple"},{"id":"comments","enabled":true}],"page_meta_elements":{"joined":true,"articles_count":true,"comments":true}},{"id":"breadcrumbs","enabled":false}],"0d9c1058a4c1c52a3709becc56316d62":"","hero_alignment1":"CT_CSS_SKIP_RULE","hero_margin":40,"hero_alignment2":"center","hero_vertical_alignment":"center","95f8d5312c092b78d688d6bd22cec413":"","hero_structure":"narrow","3e3c97d7c35ca40860010d1e2c9ea08a":"","page_title_bg_type":"featured_image","custom_hero_background":{"attachment_id":null},"parallax":{"desktop":false,"tablet":false,"mobile":false},"a43a2cd92b5fb00987fc75837b3197c6":"","hero_height":"250px","pageTitleFont":{"family":"Default","variation":"Default","size":{"desktop":"32px","tablet":"30px","mobile":"25px"},"line-height":"CT_CSS_SKIP_RULE","letter-spacing":"CT_CSS_SKIP_RULE","text-transform":"CT_CSS_SKIP_RULE","text-decoration":"CT_CSS_SKIP_RULE"},"pageTitleFontColor":{"default":{"color":"CT_CSS_SKIP_RULEDEFAULT"}},"pageMetaFont":{"family":"Default","variation":"n6","size":"12px","line-height":"1.3","letter-spacing":"CT_CSS_SKIP_RULE","text-transform":"uppercase","text-decoration":"CT_CSS_SKIP_RULE"},"pageMetaFontColor":{"default":{"color":"CT_CSS_SKIP_RULEDEFAULT"},"hover":{"color":"CT_CSS_SKIP_RULEDEFAULT"}},"page_meta_button_type_font_colors":{"default":{"color":"CT_CSS_SKIP_RULEDEFAULT"},"hover":{"color":"CT_CSS_SKIP_RULEDEFAULT"}},"page_meta_button_type_background_colors":{"default":{"color":"CT_CSS_SKIP_RULEDEFAULT"},"hover":{"color":"CT_CSS_SKIP_RULEDEFAULT"}},"pageExcerptFont":{"family":"Default","variation":"Default","size":"CT_CSS_SKIP_RULE","line-height":"CT_CSS_SKIP_RULE","letter-spacing":"CT_CSS_SKIP_RULE","text-transform":"CT_CSS_SKIP_RULE","text-decoration":"CT_CSS_SKIP_RULE"},"pageExcerptColor":{"default":{"color":"CT_CSS_SKIP_RULEDEFAULT"}},"breadcrumbsFont":{"family":"Default","variation":"Default","size":"CT_CSS_SKIP_RULE","line-height":"CT_CSS_SKIP_RULE","letter-spacing":"CT_CSS_SKIP_RULE","text-transform":"CT_CSS_SKIP_RULE","text-decoration":"CT_CSS_SKIP_RULE"},"breadcrumbsFontColor":{"default":{"color":"CT_CSS_SKIP_RULEDEFAULT"},"initial":{"color":"CT_CSS_SKIP_RULEDEFAULT"},"hover":{"color":"CT_CSS_SKIP_RULEDEFAULT"}},"pageTitleOverlay":{"background_type":"color","background_pattern":"type-1","background_image":{"attachment_id":null,"x":0,"y":0},"gradient":"linear-gradient(135deg,rgba(6,147,227,1) 0%,rgb(155,81,224) 100%)","background_repeat":"repeat","background_size":"auto","background_attachment":"scroll","patternColor":{"default":{"color":"#e5e7ea"}},"overlayColor":{"default":{"color":"CT_CSS_SKIP_RULE"}},"backgroundColor":{"default":{"color":"CT_CSS_SKIP_RULE"}}},"pageTitleBackground":{"background_type":"color","background_pattern":"type-1","background_image":{"attachment_id":null,"x":0,"y":0},"gradient":"linear-gradient(135deg,rgba(6,147,227,1) 0%,rgb(155,81,224) 100%)","background_repeat":"repeat","background_size":"auto","background_attachment":"scroll","patternColor":{"default":{"color":"#e5e7ea"}},"overlayColor":{"default":{"color":"CT_CSS_SKIP_RULE"}},"backgroundColor":{"default":{"color":"var(--theme-palette-color-6)"}}},"pageTitlePadding":{"top":"50px","bottom":"50px","left":"auto","right":"auto","linked":true},"48f4e3d12c8708dc3986fa11dd16a78b":"","page_structure_type":"default","bef08785da6dbbad4d194926d1eb0d33":"","content_style_source":"inherit","content_style":"wide","vertical_spacing_source":"custom","content_area_spacing":"none","background":{"background_type":"color","background_pattern":"type-1","background_image":{"attachment_id":null,"x":0,"y":0},"gradient":"linear-gradient(135deg,rgba(6,147,227,1) 0%,rgb(155,81,224) 100%)","background_repeat":"repeat","background_size":"auto","background_attachment":"scroll","patternColor":{"default":{"color":"#e5e7ea"}},"overlayColor":{"default":{"color":"CT_CSS_SKIP_RULE"}},"backgroundColor":{"default":{"color":"CT_CSS_SKIP_RULE"}}},"content_background":{"background_type":"color","background_pattern":"type-1","background_image":{"attachment_id":null,"x":0,"y":0},"gradient":"linear-gradient(135deg,rgba(6,147,227,1) 0%,rgb(155,81,224) 100%)","background_repeat":"repeat","background_size":"auto","background_attachment":"scroll","patternColor":{"default":{"color":"#e5e7ea"}},"overlayColor":{"default":{"color":"CT_CSS_SKIP_RULE"}},"backgroundColor":{"default":{"color":"var(--theme-palette-color-8)"}}},"content_boxed_shadow":{"inherit":false,"blur":18,"spread":-6,"v_offset":12,"h_offset":0,"inset":false,"enable":true,"color":{"color":"rgba(34, 56, 101, 0.04)"}},"boxed_content_spacing":{"desktop":{"top":"40px","bottom":"40px","left":"40px","right":"40px","linked":true},"tablet":{"top":"35px","bottom":"35px","left":"35px","right":"35px","linked":true},"mobile":{"top":"20px","bottom":"20px","left":"20px","right":"20px","linked":true}},"content_boxed_radius":{"top":"3px","bottom":"3px","left":"3px","right":"3px","linked":true},"0b983499c2682f0d65005e765b516790":"","disable_featured_image":"no","disable_header":"no","disable_footer":"no"},"acf":[],"_hostinger_reach_plugin_has_subscription_block":false,"_hostinger_reach_plugin_is_elementor":false,"_links":{"self":[{"href":"https:\/\/lawyerslegalprocess.com\/index.php\/wp-json\/wp\/v2\/pages\/11","targetHints":{"allow":["GET"]}}],"collection":[{"href":"https:\/\/lawyerslegalprocess.com\/index.php\/wp-json\/wp\/v2\/pages"}],"about":[{"href":"https:\/\/lawyerslegalprocess.com\/index.php\/wp-json\/wp\/v2\/types\/page"}],"author":[{"embeddable":true,"href":"https:\/\/lawyerslegalprocess.com\/index.php\/wp-json\/wp\/v2\/users\/1"}],"replies":[{"embeddable":true,"href":"https:\/\/lawyerslegalprocess.com\/index.php\/wp-json\/wp\/v2\/comments?post=11"}],"version-history":[{"count":11,"href":"https:\/\/lawyerslegalprocess.com\/index.php\/wp-json\/wp\/v2\/pages\/11\/revisions"}],"predecessor-version":[{"id":1183,"href":"https:\/\/lawyerslegalprocess.com\/index.php\/wp-json\/wp\/v2\/pages\/11\/revisions\/1183"}],"wp:attachment":[{"href":"https:\/\/lawyerslegalprocess.com\/index.php\/wp-json\/wp\/v2\/media?parent=11"}],"curies":[{"name":"wp","href":"https:\/\/api.w.org\/{rel}","templated":true}]}}